{"id":14,"date":"2023-02-13T21:40:17","date_gmt":"2023-02-14T00:40:17","guid":{"rendered":"http:\/\/growthmarketer.com.ar\/?page_id=14"},"modified":"2026-02-28T10:41:32","modified_gmt":"2026-02-28T13:41:32","slug":"contacto","status":"publish","type":"page","link":"https:\/\/growthmarketer.com.ar\/sistema-de-conversion\/contacto\/","title":{"rendered":"Contacto"},"content":{"rendered":"\t\t<div data-elementor-type=\"wp-page\" data-elementor-id=\"14\" class=\"elementor elementor-14\">\n\t\t\t\t\t\t<section class=\"elementor-section elementor-top-section elementor-element elementor-element-e1f48b8 elementor-section-content-middle elementor-section-stretched elementor-section-boxed elementor-section-height-default elementor-section-height-default\" data-id=\"e1f48b8\" data-element_type=\"section\" data-e-type=\"section\" data-settings=\"{&quot;stretch_section&quot;:&quot;section-stretched&quot;,&quot;background_background&quot;:&quot;classic&quot;}\">\n\t\t\t\t\t\t<div class=\"elementor-container elementor-column-gap-default\">\n\t\t\t\t\t<div class=\"elementor-column elementor-col-100 elementor-top-column elementor-element elementor-element-cde998d\" data-id=\"cde998d\" data-element_type=\"column\" data-e-type=\"column\">\n\t\t\t<div class=\"elementor-widget-wrap elementor-element-populated\">\n\t\t\t\t\t\t<div class=\"elementor-element elementor-element-849e935 elementor-widget elementor-widget-heading\" data-id=\"849e935\" data-element_type=\"widget\" data-e-type=\"widget\" data-widget_type=\"heading.default\">\n\t\t\t\t<div class=\"elementor-widget-container\">\n\t\t\t\t\t<h1 class=\"elementor-heading-title elementor-size-default\">Estoy aqu\u00ed para ayudarte!<\/h1>\t\t\t\t<\/div>\n\t\t\t\t<\/div>\n\t\t\t\t\t<\/div>\n\t\t<\/div>\n\t\t\t\t\t<\/div>\n\t\t<\/section>\n\t\t\t\t<section class=\"elementor-section elementor-top-section elementor-element elementor-element-254be42 elementor-section-boxed elementor-section-height-default elementor-section-height-default\" data-id=\"254be42\" data-element_type=\"section\" data-e-type=\"section\">\n\t\t\t\t\t\t<div class=\"elementor-container elementor-column-gap-default\">\n\t\t\t\t\t<div class=\"elementor-column elementor-col-100 elementor-top-column elementor-element elementor-element-1fd34b1\" data-id=\"1fd34b1\" data-element_type=\"column\" data-e-type=\"column\">\n\t\t\t<div class=\"elementor-widget-wrap elementor-element-populated\">\n\t\t\t\t\t\t<section class=\"elementor-section elementor-inner-section elementor-element elementor-element-6e20e20 elementor-section-content-middle elementor-reverse-mobile elementor-section-boxed elementor-section-height-default elementor-section-height-default\" data-id=\"6e20e20\" data-element_type=\"section\" data-e-type=\"section\" data-settings=\"{&quot;background_background&quot;:&quot;classic&quot;}\">\n\t\t\t\t\t\t<div class=\"elementor-container elementor-column-gap-default\">\n\t\t\t\t\t<div class=\"elementor-column elementor-col-50 elementor-inner-column elementor-element elementor-element-7298c0d\" data-id=\"7298c0d\" data-element_type=\"column\" data-e-type=\"column\">\n\t\t\t<div class=\"elementor-widget-wrap elementor-element-populated\">\n\t\t\t\t\t\t<div class=\"elementor-element elementor-element-2016dbe elementor-widget elementor-widget-wpforms\" data-id=\"2016dbe\" data-element_type=\"widget\" data-e-type=\"widget\" data-widget_type=\"wpforms.default\">\n\t\t\t\t<div class=\"elementor-widget-container\">\n\t\t\t\t\t<div class=\"wpforms-container \" id=\"wpforms-954\"><form id=\"wpforms-form-954\" class=\"wpforms-validate wpforms-form wpforms-ajax-form\" data-formid=\"954\" method=\"post\" enctype=\"multipart\/form-data\" action=\"\/sistema-de-conversion\/wp-json\/wp\/v2\/pages\/14\" data-token=\"f718e9e74e67fb63d159dfe1af106b5a\" data-token-time=\"1775550165\"><noscript class=\"wpforms-error-noscript\">Please enable JavaScript in your browser to complete this form.<\/noscript><div class=\"wpforms-field-container\"><div id=\"wpforms-954-field_0-container\" class=\"wpforms-field wpforms-field-name\" data-field-id=\"0\"><label class=\"wpforms-field-label\" for=\"wpforms-954-field_0\">Nombre <span class=\"wpforms-required-label\">*<\/span><\/label><input type=\"text\" id=\"wpforms-954-field_0\" class=\"wpforms-field-large wpforms-field-required\" name=\"wpforms[fields][0]\" required><\/div><div id=\"wpforms-954-field_10-container\" class=\"wpforms-field wpforms-field-text\" data-field-id=\"10\"><label class=\"wpforms-field-label\" for=\"wpforms-954-field_10\">WhatsApp<\/label><input type=\"text\" id=\"wpforms-954-field_10\" class=\"wpforms-field-large\" name=\"wpforms[fields][10]\" placeholder=\"Cod de pa\u00eds + c\u00f3digo de area + n\u00b0 de tel\u00e9fono\" ><\/div><div id=\"wpforms-954-field_1-container\" class=\"wpforms-field wpforms-field-email\" data-field-id=\"1\"><label class=\"wpforms-field-label\" for=\"wpforms-954-field_1\">Email <span class=\"wpforms-required-label\">*<\/span><\/label><input type=\"email\" id=\"wpforms-954-field_1\" class=\"wpforms-field-large wpforms-field-required\" name=\"wpforms[fields][1]\" spellcheck=\"false\" required><\/div><div id=\"wpforms-954-field_7-container\" class=\"wpforms-field wpforms-field-radio\" data-field-id=\"7\"><label class=\"wpforms-field-label\">Tipo de Empresa <span class=\"wpforms-required-label\">*<\/span><\/label><ul id=\"wpforms-954-field_7\" class=\"wpforms-field-required\"><li class=\"choice-1 depth-1\"><input type=\"radio\" id=\"wpforms-954-field_7_1\" name=\"wpforms[fields][7]\" value=\"Aut\u00f3nomo\" required ><label class=\"wpforms-field-label-inline\" for=\"wpforms-954-field_7_1\">Aut\u00f3nomo<\/label><\/li><li class=\"choice-2 depth-1\"><input type=\"radio\" id=\"wpforms-954-field_7_2\" name=\"wpforms[fields][7]\" value=\"Microempresa (2-9 trabajadores)\" required ><label class=\"wpforms-field-label-inline\" for=\"wpforms-954-field_7_2\">Microempresa (2-9 trabajadores)<\/label><\/li><li class=\"choice-3 depth-1\"><input type=\"radio\" id=\"wpforms-954-field_7_3\" name=\"wpforms[fields][7]\" value=\"PYME (10-250 trabajadores)\" required ><label class=\"wpforms-field-label-inline\" for=\"wpforms-954-field_7_3\">PYME (10-250 trabajadores)<\/label><\/li><li class=\"choice-4 depth-1\"><input type=\"radio\" id=\"wpforms-954-field_7_4\" name=\"wpforms[fields][7]\" value=\"Gran Empresa (+250 trabajadores)\" required ><label class=\"wpforms-field-label-inline\" for=\"wpforms-954-field_7_4\">Gran Empresa (+250 trabajadores)<\/label><\/li><li class=\"choice-5 depth-1\"><input type=\"radio\" id=\"wpforms-954-field_7_5\" name=\"wpforms[fields][7]\" value=\"Multinacional\" required ><label class=\"wpforms-field-label-inline\" for=\"wpforms-954-field_7_5\">Multinacional<\/label><\/li><li class=\"choice-6 depth-1\"><input type=\"radio\" id=\"wpforms-954-field_7_6\" name=\"wpforms[fields][7]\" value=\"Gobierno \/ Administraci\u00f3n P\u00fablica\" required ><label class=\"wpforms-field-label-inline\" for=\"wpforms-954-field_7_6\">Gobierno \/ Administraci\u00f3n P\u00fablica<\/label><\/li><\/ul><\/div><div id=\"wpforms-954-field_2-container\" class=\"wpforms-field wpforms-field-textarea\" data-field-id=\"2\"><label class=\"wpforms-field-label\" for=\"wpforms-954-field_2\">\u00bfC\u00f3mo puedo ayudarte? <span class=\"wpforms-required-label\">*<\/span><\/label><textarea id=\"wpforms-954-field_2\" class=\"wpforms-field-medium wpforms-field-required\" name=\"wpforms[fields][2]\" required><\/textarea><\/div><div id=\"wpforms-954-field_3-container\" class=\"wpforms-field wpforms-field-checkbox\" data-field-id=\"3\"><label class=\"wpforms-field-label\">Tu privacidad es importante para m\u00ed <span class=\"wpforms-required-label\">*<\/span><\/label><ul id=\"wpforms-954-field_3\" class=\"wpforms-field-required\"><li class=\"choice-1 depth-1 wpforms-selected\"><input type=\"checkbox\" id=\"wpforms-954-field_3_1\" name=\"wpforms[fields][3][]\" value=\"Al usar este formulario accedes al almacenamiento y gesti\u00f3n de tus datos por parte de esta web.\" required  checked='checked'><label class=\"wpforms-field-label-inline\" for=\"wpforms-954-field_3_1\">Al usar este formulario accedes al almacenamiento y gesti\u00f3n de tus datos por parte de esta web.<\/label><\/li><\/ul><div class=\"wpforms-field-description wpforms-disclaimer-description\">Lucas Acosta te informa que los datos de car\u00e1cter personal que proporciones ser\u00e1n tratados por Lucas Acosta como responsable de esta web.<br \/>\n<br \/>\nLa Finalidad es gestionar el env\u00edo de la informaci\u00f3n solicitada. La Legitimaci\u00f3n es gracias a tu consentimiento. Destinatarios: tus datos se encuentran alojados en mi plataforma de hosting de Hostinger International Ltd.<br \/>\n<br \/>\nPodr\u00e1s ejercer Tus Derechos de Acceso, Rectificaci\u00f3n, Limitaci\u00f3n o Suprimir tus datos enviando un email a contacto@lucasacosta.com.ar o ante la Autoridad de Control. <\/div><\/div><\/div><!-- .wpforms-field-container --><div class=\"wpforms-submit-container\" ><input type=\"hidden\" name=\"wpforms[id]\" value=\"954\"><input type=\"hidden\" name=\"page_title\" value=\"\"><input type=\"hidden\" name=\"page_url\" value=\"https:\/\/growthmarketer.com.ar\/sistema-de-conversion\/wp-json\/wp\/v2\/pages\/14\"><input type=\"hidden\" name=\"url_referer\" value=\"\"><button type=\"submit\" name=\"wpforms[submit]\" id=\"wpforms-submit-954\" class=\"wpforms-submit\" data-alt-text=\"Enviando...\" data-submit-text=\"Enviar\" aria-live=\"assertive\" value=\"wpforms-submit\">Enviar<\/button><img decoding=\"async\" src=\"https:\/\/growthmarketer.com.ar\/wp-content\/plugins\/wpforms-lite\/assets\/images\/submit-spin.svg\" class=\"wpforms-submit-spinner\" style=\"display: none;\" width=\"26\" height=\"26\" alt=\"Loading\"><\/div><\/form><\/div>  <!-- .wpforms-container -->\t\t\t\t<\/div>\n\t\t\t\t<\/div>\n\t\t\t\t\t<\/div>\n\t\t<\/div>\n\t\t\t\t<div class=\"elementor-column elementor-col-50 elementor-inner-column elementor-element elementor-element-8269613\" data-id=\"8269613\" data-element_type=\"column\" data-e-type=\"column\" data-settings=\"{&quot;background_background&quot;:&quot;classic&quot;}\">\n\t\t\t<div class=\"elementor-widget-wrap elementor-element-populated\">\n\t\t\t\t\t\t<div class=\"elementor-element elementor-element-f4791e3 elementor-widget elementor-widget-heading\" data-id=\"f4791e3\" data-element_type=\"widget\" data-e-type=\"widget\" data-widget_type=\"heading.default\">\n\t\t\t\t<div class=\"elementor-widget-container\">\n\t\t\t\t\t<h2 class=\"elementor-heading-title elementor-size-default\">Escr\u00edbeme con el mayor detalle posible para comprender las necesidades de tu negocio.<\/h2>\t\t\t\t<\/div>\n\t\t\t\t<\/div>\n\t\t\t\t<div class=\"elementor-element elementor-element-07e4a8f elementor-widget elementor-widget-text-editor\" data-id=\"07e4a8f\" data-element_type=\"widget\" data-e-type=\"widget\" data-widget_type=\"text-editor.default\">\n\t\t\t\t<div class=\"elementor-widget-container\">\n\t\t\t\t\t\t\t\t\t<p>Responder\u00e9 los antes posible en <strong>d\u00edas h\u00e1biles <\/strong>(en Argentina)\u00a0de lunes a viernes. De 9 a 18hs.<\/p>\t\t\t\t\t\t\t\t<\/div>\n\t\t\t\t<\/div>\n\t\t\t\t<div class=\"elementor-element elementor-element-261c336 elementor-widget-divider--view-line elementor-widget elementor-widget-divider\" data-id=\"261c336\" data-element_type=\"widget\" data-e-type=\"widget\" data-widget_type=\"divider.default\">\n\t\t\t\t<div class=\"elementor-widget-container\">\n\t\t\t\t\t\t\t<div class=\"elementor-divider\">\n\t\t\t<span class=\"elementor-divider-separator\">\n\t\t\t\t\t\t<\/span>\n\t\t<\/div>\n\t\t\t\t\t\t<\/div>\n\t\t\t\t<\/div>\n\t\t\t\t<div class=\"elementor-element elementor-element-7f56c0b elementor-widget elementor-widget-image\" data-id=\"7f56c0b\" data-element_type=\"widget\" data-e-type=\"widget\" data-widget_type=\"image.default\">\n\t\t\t\t<div class=\"elementor-widget-container\">\n\t\t\t\t\t\t\t\t\t\t\t\t\t\t\t<img fetchpriority=\"high\" decoding=\"async\" width=\"1024\" height=\"683\" src=\"https:\/\/growthmarketer.com.ar\/wp-content\/uploads\/2022\/10\/marketing_digital1_1-1024x683.webp\" class=\"attachment-large size-large wp-image-524\" alt=\"facebook ads\" srcset=\"https:\/\/growthmarketer.com.ar\/wp-content\/uploads\/2022\/10\/marketing_digital1_1-1024x683.webp 1024w, https:\/\/growthmarketer.com.ar\/wp-content\/uploads\/2022\/10\/marketing_digital1_1-300x200.webp 300w, https:\/\/growthmarketer.com.ar\/wp-content\/uploads\/2022\/10\/marketing_digital1_1-768x512.webp 768w, https:\/\/growthmarketer.com.ar\/wp-content\/uploads\/2022\/10\/marketing_digital1_1-1536x1024.webp 1536w, https:\/\/growthmarketer.com.ar\/wp-content\/uploads\/2022\/10\/marketing_digital1_1-2048x1365.webp 2048w\" sizes=\"(max-width: 1024px) 100vw, 1024px\" \/>\t\t\t\t\t\t\t\t\t\t\t\t\t\t\t<\/div>\n\t\t\t\t<\/div>\n\t\t\t\t\t<\/div>\n\t\t<\/div>\n\t\t\t\t\t<\/div>\n\t\t<\/section>\n\t\t\t\t\t<\/div>\n\t\t<\/div>\n\t\t\t\t\t<\/div>\n\t\t<\/section>\n\t\t\t\t<section class=\"elementor-section elementor-top-section elementor-element elementor-element-95e4b42 elementor-section-boxed elementor-section-height-default elementor-section-height-default\" data-id=\"95e4b42\" data-element_type=\"section\" data-e-type=\"section\">\n\t\t\t\t\t\t<div class=\"elementor-container elementor-column-gap-default\">\n\t\t\t\t\t<div class=\"elementor-column elementor-col-100 elementor-top-column elementor-element elementor-element-f3a07af\" data-id=\"f3a07af\" data-element_type=\"column\" data-e-type=\"column\">\n\t\t\t<div class=\"elementor-widget-wrap\">\n\t\t\t\t\t\t\t<\/div>\n\t\t<\/div>\n\t\t\t\t\t<\/div>\n\t\t<\/section>\n\t\t\t\t<\/div>\n\t\t","protected":false},"excerpt":{"rendered":"<p>Estoy aqu\u00ed para ayudarte! Please enable JavaScript in your browser to complete this form.Nombre *WhatsAppEmail *Tipo de Empresa * Aut\u00f3nomo Microempresa (2-9 trabajadores) PYME (10-250 trabajadores) Gran Empresa (+250 trabajadores) Multinacional Gobierno \/ Administraci\u00f3n P\u00fablica \u00bfC\u00f3mo puedo ayudarte? *Tu privacidad es importante para m\u00ed * Al usar este formulario accedes al almacenamiento y gesti\u00f3n de [&hellip;]<\/p>\n","protected":false},"author":1,"featured_media":0,"parent":0,"menu_order":0,"comment_status":"closed","ping_status":"closed","template":"","meta":{"site-sidebar-layout":"no-sidebar","site-content-layout":"page-builder","ast-site-content-layout":"","site-content-style":"default","site-sidebar-style":"default","ast-global-header-display":"","ast-banner-title-visibility":"","ast-main-header-display":"","ast-hfb-above-header-display":"","ast-hfb-below-header-display":"","ast-hfb-mobile-header-display":"","site-post-title":"disabled","ast-breadcrumbs-content":"","ast-featured-img":"disabled","footer-sml-layout":"","theme-transparent-header-meta":"enabled","adv-header-id-meta":"","stick-header-meta":"","header-above-stick-meta":"","header-main-stick-meta":"","header-below-stick-meta":"","astra-migrate-meta-layouts":"default","ast-page-background-enabled":"default","ast-page-background-meta":{"desktop":{"background-color":"","background-image":"","background-repeat":"repeat","background-position":"center center","background-size":"auto","background-attachment":"scroll","background-type":"","background-media":"","overlay-type":"","overlay-color":"","overlay-opacity":"","overlay-gradient":""},"tablet":{"background-color":"","background-image":"","background-repeat":"repeat","background-position":"center center","background-size":"auto","background-attachment":"scroll","background-type":"","background-media":"","overlay-type":"","overlay-color":"","overlay-opacity":"","overlay-gradient":""},"mobile":{"background-color":"","background-image":"","background-repeat":"repeat","background-position":"center center","background-size":"auto","background-attachment":"scroll","background-type":"","background-media":"","overlay-type":"","overlay-color":"","overlay-opacity":"","overlay-gradient":""}},"ast-content-background-meta":{"desktop":{"background-color":"var(--ast-global-color-5)","background-image":"","background-repeat":"repeat","background-position":"center center","background-size":"auto","background-attachment":"scroll","background-type":"","background-media":"","overlay-type":"","overlay-color":"","overlay-opacity":"","overlay-gradient":""},"tablet":{"background-color":"var(--ast-global-color-5)","background-image":"","background-repeat":"repeat","background-position":"center center","background-size":"auto","background-attachment":"scroll","background-type":"","background-media":"","overlay-type":"","overlay-color":"","overlay-opacity":"","overlay-gradient":""},"mobile":{"background-color":"var(--ast-global-color-5)","background-image":"","background-repeat":"repeat","background-position":"center center","background-size":"auto","background-attachment":"scroll","background-type":"","background-media":"","overlay-type":"","overlay-color":"","overlay-opacity":"","overlay-gradient":""}},"footnotes":""},"class_list":["post-14","page","type-page","status-publish","hentry"],"aioseo_notices":[],"rttpg_featured_image_url":null,"rttpg_author":{"display_name":"Lucas Acosta","author_link":"https:\/\/growthmarketer.com.ar\/sistema-de-conversion\/author\/lucas-gestionempresariagmail-com\/"},"rttpg_comment":0,"rttpg_category":null,"rttpg_excerpt":"Estoy aqu\u00ed para ayudarte! Please enable JavaScript in your browser to complete this form.Nombre *WhatsAppEmail *Tipo de Empresa * Aut\u00f3nomo Microempresa (2-9 trabajadores) PYME (10-250 trabajadores) Gran Empresa (+250 trabajadores) Multinacional Gobierno \/ Administraci\u00f3n P\u00fablica \u00bfC\u00f3mo puedo ayudarte? *Tu privacidad es importante para m\u00ed * Al usar este formulario accedes al almacenamiento y gesti\u00f3n de&hellip;","_links":{"self":[{"href":"https:\/\/growthmarketer.com.ar\/sistema-de-conversion\/wp-json\/wp\/v2\/pages\/14","targetHints":{"allow":["GET"]}}],"collection":[{"href":"https:\/\/growthmarketer.com.ar\/sistema-de-conversion\/wp-json\/wp\/v2\/pages"}],"about":[{"href":"https:\/\/growthmarketer.com.ar\/sistema-de-conversion\/wp-json\/wp\/v2\/types\/page"}],"author":[{"embeddable":true,"href":"https:\/\/growthmarketer.com.ar\/sistema-de-conversion\/wp-json\/wp\/v2\/users\/1"}],"replies":[{"embeddable":true,"href":"https:\/\/growthmarketer.com.ar\/sistema-de-conversion\/wp-json\/wp\/v2\/comments?post=14"}],"version-history":[{"count":103,"href":"https:\/\/growthmarketer.com.ar\/sistema-de-conversion\/wp-json\/wp\/v2\/pages\/14\/revisions"}],"predecessor-version":[{"id":4305,"href":"https:\/\/growthmarketer.com.ar\/sistema-de-conversion\/wp-json\/wp\/v2\/pages\/14\/revisions\/4305"}],"wp:attachment":[{"href":"https:\/\/growthmarketer.com.ar\/sistema-de-conversion\/wp-json\/wp\/v2\/media?parent=14"}],"curies":[{"name":"wp","href":"https:\/\/api.w.org\/{rel}","templated":true}]}}