{"id":3,"date":"2023-02-13T12:40:57","date_gmt":"2023-02-13T15:40:57","guid":{"rendered":"http:\/\/growthmarketer.com.ar\/?page_id=3"},"modified":"2026-02-13T10:33:32","modified_gmt":"2026-02-13T13:33:32","slug":"politica-de-privacidad","status":"publish","type":"page","link":"https:\/\/growthmarketer.com.ar\/sistema-de-conversion\/politica-de-privacidad\/","title":{"rendered":"Pol\u00edtica de Privacidad"},"content":{"rendered":"\t\t<div data-elementor-type=\"wp-page\" data-elementor-id=\"3\" class=\"elementor elementor-3\">\n\t\t\t\t\t\t<section class=\"elementor-section elementor-top-section elementor-element elementor-element-3c1edbe3 elementor-section-full_width elementor-section-height-default elementor-section-height-default\" data-id=\"3c1edbe3\" data-element_type=\"section\" data-e-type=\"section\">\n\t\t\t\t\t\t<div class=\"elementor-container elementor-column-gap-default\">\n\t\t\t\t\t<div class=\"elementor-column elementor-col-100 elementor-top-column elementor-element elementor-element-5c50ec85\" data-id=\"5c50ec85\" data-element_type=\"column\" data-e-type=\"column\">\n\t\t\t<div class=\"elementor-widget-wrap elementor-element-populated\">\n\t\t\t\t\t\t<div class=\"elementor-element elementor-element-55c507a4 elementor-widget elementor-widget-text-editor\" data-id=\"55c507a4\" data-element_type=\"widget\" data-e-type=\"widget\" data-widget_type=\"text-editor.default\">\n\t\t\t\t<div class=\"elementor-widget-container\">\n\t\t\t\t\t\t\t\t\t<h2 dir=\"ltr\">Pol\u00edticas de Privacidad<\/h2>\n<p dir=\"ltr\">\n<\/p><p dir=\"ltr\"><b>Responsable del tratamiento de datos conforme al Reglamento General de Protecci\u00f3n de Datos (RGPD), salvo que en lo sucesivo se indique lo contrario:<\/b><\/p>\n<p>Identidad: Lucas Acosta<\/p>\n<p>Email: <a href=\"mailto:lucas.gestionempresaria@gmail.com\">contacto@lucasacosta.com.ar<\/a><\/p>\n<p><\/p>\n<p>1. PROTECCI\u00d3N DE DATOS<\/p>\n<p dir=\"ltr\">Me alegra que haya visitado mi sitio web&nbsp;y le agradezco su inter\u00e9s en mis servicios.&nbsp;<\/p>\n<p dir=\"ltr\">Me tomo muy en serio la protecci\u00f3n de sus datos personales. En estas indicaciones sobre &#8220;pol\u00edticas de privacidad&#8221;, explico el modo en que recopilo sus datos personales, qu\u00e9 hago con ellos, con qu\u00e9 fines, sobre qu\u00e9 fundamentos legales, as\u00ed como sus derechos y obligaciones vinculados a ello .<\/p>\n<p dir=\"ltr\">Los t\u00e9rminos de las pol\u00edticas de privacidad aqu\u00ed detallados, no se aplican a las actividades que usted realice en un sitio web externo a www.growthmarketer.com.ar, (en adelante &#8220;sitio web&#8221;). En dichos sitios web de otros proveedores, podr\u00e1 informarse sobre sus pol\u00edticas de privacidad correspondientes.&nbsp;<\/p>\n<p dir=\"ltr\">Los siguientes t\u00e9rminos (en adelante las &#8220;pol\u00edticas de privacidad&#8221;) entrar\u00e1n en vigor desde su aceptaci\u00f3n para los nuevos usuarios que visiten mi sitio web y\/o se registren completando el formulario de contacto (&#8220;Formulario&#8221;) y estar\u00e1n vigentes a partir del 01\/01\/2020.<\/p>\n<p dir=\"ltr\">A continuaci\u00f3n, se describen las Pol\u00edticas de Privacidad para que todos los usuarios y visitantes est\u00e9n debidamente informados sobre las pr\u00e1cticas llevadas en tal sentido.<\/p>\n<p dir=\"ltr\">Es muy importante que todos los usuarios y visitantes sepan que al completar el Formulario y\/o navegar mi sitio web, prestan su libre consentimiento para que utilice su informaci\u00f3n personal de acuerdo a las &#8220;Pol\u00edticas de Privacidad&#8221; que se describen a continuaci\u00f3n.<\/p>\n<p><\/p>\n<p dir=\"ltr\">2. OBTENCION Y TRATAMIENTO DE DATOS PERSONALES.<\/p>\n<p dir=\"ltr\">a. Cuando usted visita mi sitio web, recojo y\/o almaceno cierta informaci\u00f3n sobre su actividad, acerca del navegador y el sistema operativo que utiliza en su dispositivo. Tal informaci\u00f3n puede incluir la URL de la que proviene (est\u00e9 o no en mi sitio web), la fecha y hora de su visita, a qu\u00e9 URL accede seguidamente (est\u00e9 o no en mi sitio web), la frecuencia con la que abre determinadas p\u00e1ginas web y sus direcciones IP.<\/p>\n<p dir=\"ltr\">b. Almaceno otros datos personales (&#8220;Informaci\u00f3n Personal&#8221;) solamente si usted me comunica dichos datos; por ejemplo, al completar un formulario de datos de contacto o un chat y, en estos casos, memorizo los datos solamente si usted otorga su consentimiento o si lo exigen as\u00ed las disposiciones legales vigentes (v\u00e9ase la secci\u00f3n 7).<\/p>\n<p dir=\"ltr\">Cabe destacar que los datos personales que se requieren en el Formulario que obra en mi sitio Web, no resulta sensible en los t\u00e9rminos de la Ley 25.326. Los usuarios garantizan y responden la veracidad, exactitud, vigencia y autenticidad de la Informaci\u00f3n Personal proporcionada en el Formulario remitido, y se comprometen a mantenerla debidamente actualizada.<\/p>\n<p dir=\"ltr\">c. Usted no est\u00e1 obligado por ley ni contractualmente a cederme sus datos personales. Por otro lado, es posible que determinadas funciones de nuestras p\u00e1ginas web dependan de la cesi\u00f3n de datos personales. En esos casos, si no desea cederme sus datos personales, es posible que no pueda utilizar determinadas funciones, o que estas solo est\u00e9n disponibles de forma limitada.<\/p>\n<p><\/p>\n<p dir=\"ltr\">3. USO DE LA INFORMACI\u00d3N PERSONAL PROPORCIONADA.<\/p>\n<p dir=\"ltr\">a. Utilizo los datos personales obtenidos durante una visita a mi sitio web, para optimizar la experiencia de usuario, facilitando que la navegaci\u00f3n sea agradable y f\u00e1cil. Adem\u00e1s, utilizo dichos datos, para proteger mis sistemas inform\u00e1ticos de ataques y otras acciones ilegales.&nbsp;<\/p>\n<p dir=\"ltr\">b. La recolecci\u00f3n de informaci\u00f3n personal, a trav\u00e9s de los canales de comunicaci\u00f3n aportados libremente por usted, me permite enviar informaci\u00f3n por e-mail, y\/o telef\u00f3nicamente sobre mis productos y\/o servicios, noticias, proporcionar informaci\u00f3n o avisos por Whatsapp al n\u00famero telef\u00f3nico proporcionado por el usuario.<\/p>\n<p dir=\"ltr\">En todos los casos, aquellos usuarios que expresamente lo soliciten, podr\u00e1n ser excluidos de las listas para el env\u00edo de informaci\u00f3n promocional o publicitaria.<\/p>\n<p dir=\"ltr\">c. Tambi\u00e9n me permitir\u00e1 mostrar contenidos, publicidad o promociones personalizadas, basadas en su comportamiento de navegaci\u00f3n, utilizando sus datos y, si es necesario, tambi\u00e9n ciertos terceros, siempre que haya dado su consentimiento en nuestra plataforma de gesti\u00f3n de consentimiento<\/p>\n<p dir=\"ltr\">d. Eventualmente suministrar\u00e9 la Informaci\u00f3n Personal de los usuarios a las entidades gubernamentales o judiciales competentes que eventualmente as\u00ed lo requieran.<\/p>\n<p><\/p>\n<p dir=\"ltr\">4. TRANSIMICI\u00d3N DE DATOS PERSONALES A TERCERO, SOCIAL PLUG-INS, LINKS; USO DE PROVEEDORES DE SERVICIOS.<\/p>\n<p dir=\"ltr\">a. Si utilizo en mis p\u00e1ginas web los llamados &#8220;social plug-ins&#8221; de redes sociales, tales como LinkedIn, Instagram y Facebook, los integro como se explica a continuaci\u00f3n:<\/p>\n<p dir=\"ltr\">Los plug-ins est\u00e1n desactivados por defecto durante su visita a mi sitio web; es decir, no se env\u00edan ning\u00fan de datos a los operadores de estas redes sociales. Si desea utilizar una de las redes sociales, haga clic en el social plug-in correspondiente para establecer una conexi\u00f3n directa con el servidor de la red social.<\/p>\n<p dir=\"ltr\">Si dispone de una cuenta de usuario en la red social y hay una sesi\u00f3n abierta en esta red en el momento de activar el social plug-in, la red social puede vincular su visita a mi sitio web con su cuenta de usuario. Si quiere evitar que se establezca este v\u00ednculo, cierre la sesi\u00f3n en la red social antes de activar el social plug-in.&nbsp;<\/p>\n<p dir=\"ltr\">Si activa un social plug-in, la red transfiere directamente los contenidos disponibles a su navegador, que las vincula a mi sitio web. En esta situaci\u00f3n pueden tener lugar transmisi\u00f3n de datos, iniciadas y controladas por la red social correspondiente. En relaci\u00f3n con su conexi\u00f3n con una red social, la transmisi\u00f3n de datos entre la red social y su sistema y las interacciones en esta plataforma se aplican exclusivamente las disposiciones de protecci\u00f3n de datos de la red social correspondiente.<\/p>\n<p dir=\"ltr\">El social plug-in se mantiene activo hasta que usted lo desactive o borre sus cookies (v\u00e9ase la secci\u00f3n 4.d).<\/p>\n<p dir=\"ltr\">b. Si hace clic en el enlace a una oferta, o si activa un social plug-in, es posible que sus datos personales se transmitan a pa\u00edses situados fuera del Espacio Econ\u00f3mico Europeo, en los que, desde la perspectiva legal de la Uni\u00f3n Europea (\u00abUE\u00bb), no pueda asegurarse un \u00abnivel adecuado de protecci\u00f3n\u00bb equiparable a los est\u00e1ndares de la Uni\u00f3n Europea en el tratamiento de datos personales. Lo mismo puede ocurrir si est\u00e1 establecido en Argentina, y sus datos personales se trasmitan a pa\u00edses que no garanticen un \u00abnivel adecuado de protecci\u00f3n\u00bb de conformidad con la legislaci\u00f3n Argentina. Tenga en cuenta esta circunstancia antes de hacer clic en un enlace o activar un social plug-in que suponga una transmisi\u00f3n de sus datos.<\/p>\n<p dir=\"ltr\">c. Utilizo proveedores cualificados para el funcionamiento, la optimizaci\u00f3n y la protecci\u00f3n de mi sitio web (por ejemplo, proveedores de tecnolog\u00edas inform\u00e1ticas). S\u00f3lo transfiero datos personales a dichos proveedores en la medida en que sea necesario para la puesta a disposici\u00f3n y el uso del sitio web y sus funcionalidades, la satisfacci\u00f3n de intereses leg\u00edtimos y\/o el cumplimiento de obligaciones contractuales.<\/p>\n<p><\/p>\n<p dir=\"ltr\">5. COOKIES<\/p>\n<p dir=\"ltr\">a. Visitar mi sitio web puede implicar el uso de cookies.<\/p>\n<p dir=\"ltr\">b. Las cookies son peque\u00f1os archivos que se crean en su ordenador o dispositivo m\u00f3vil al visitar una p\u00e1gina web. A partir de ellos puedo detectar si ya existe una vinculaci\u00f3n entre el dispositivo y mi p\u00e1gina web o detectar sus intereses basados en el comportamiento de navegaci\u00f3n. Las cookies tambi\u00e9n pueden contener datos personales.<\/p>\n<p dir=\"ltr\">c. El hecho de que se utilicen cookies y qu\u00e9 cookies se utilizan depende de qu\u00e9 \u00e1reas y funciones de mis p\u00e1ginas webs utilice.<\/p>\n<p dir=\"ltr\">d. El uso de cookies depende tambi\u00e9n de los ajustes del navegador web que utilice. La mayor\u00eda de navegadores web est\u00e1n preconfigurados para aceptar determinados tipos de cookies autom\u00e1ticamente; la mayor\u00eda de las veces puede modificar esta configuraci\u00f3n. Puede eliminar en todo momento las cookies que ya est\u00e9n memorizadas en su dispositivo.<\/p>\n<p dir=\"ltr\">e. El consentimiento y el rechazo o la eliminaci\u00f3n de las cookies dependen del dispositivo y del navegador web utilizado. Si utiliza varios dispositivos o navegadores web, puede realizar distintos ajustes en cada uno.<\/p>\n<p dir=\"ltr\">f. Si decide rechazar el uso de cookies o borrarlas, es posible que no pueda hacer uso de todas las funciones de mi sitio web, o que algunas funciones solo est\u00e9n disponibles de forma limitada.<\/p>\n<p dir=\"ltr\">\n<\/p><p dir=\"ltr\">6. SEGURIDAD<\/p>\n<p>Adopto medidas de seguridad de car\u00e1cter t\u00e9cnico y organizativo para proteger los datos que gestionamos y para evitar su manipulaci\u00f3n, p\u00e9rdida, destrucci\u00f3n y el acceso de personas no autorizadas. Mejoro continuamente mis medidas de seguridad de acuerdo con el desarrollo tecnol\u00f3gico.<\/p>\n<p><\/p>\n<p dir=\"ltr\">7. BASE LEGAL PARA EL TRATAMIENTO DE DATOS<\/p>\n<p dir=\"ltr\">a. Si usted se encuentra en Argentina, la base legal para el procesamiento de sus datos personales ser\u00e1 su <strong>consentimiento<\/strong> expreso, libre e informado, y ser\u00e1n procesados \u00fanicamente para los fines para los cuales fueron recolectados.&nbsp;<\/p>\n<p><\/p>\n<p dir=\"ltr\">8. SUPRESI\u00d3N DE DATOS PERSONALES<\/p>\n<p dir=\"ltr\">Suprimo sus datos personales en el momento en que expira el motivo para el que he obtenido y procesado sus datos. Pasado ese per\u00edodo, solo almaceno los datos en la medida en que sea necesario en cumplimiento de las leyes, los reglamentos u otras normas legales a las que estoy sometido en Argentina, o en cumplimiento de las normas legales de pa\u00edses terceros, en caso de que exista un nivel de protecci\u00f3n de datos adecuado. En caso de que, en un caso espec\u00edfico, no sea posible eliminar los datos personales, dichos datos se marcar\u00e1n con el objetivo de limitar su tratamiento futuro.<\/p>\n<p><\/p>\n<p dir=\"ltr\">9. DERECHOS DE ACCESO, CANCELACI\u00d3N Y SUPRESI\u00d3N DE LA INFORMACI\u00d3N PERSONAL.<\/p>\n<p dir=\"ltr\">a. En todos los casos, los usuarios podr\u00e1n ejercer el derecho de acceder, cancelar, suprimir y\/o actualizar su Informaci\u00f3n Personal, incluyendo su direcci\u00f3n de e-mail y\/o tel\u00e9fono libremente proporcionado.<\/p>\n<p dir=\"ltr\">b. Derecho a Oposici\u00f3n: tiene derecho a oponerse al tratamiento de los datos personales que le conciernen en cualquier momento y por razones que se deriven de su situaci\u00f3n particular, de conformidad con el art. 6, p\u00e1rrafo 1 e) del RGPD (tratamiento de datos de inter\u00e9s p\u00fablico) o el art. 6, p\u00e1rrafo 1 f) del RGPD (tratamiento de datos basado en una ponderaci\u00f3n de intereses). Si se opone a este tratamiento, sus datos personales se someten a tratamiento solamente si podemos acreditar motivos que justifiquen el tratamiento y que prevalezcan frente a sus intereses, sus derechos y sus libertades, o bien si el tratamiento de datos tiene como fin hacer valer, ejercer o defender t\u00edtulos legales. En la medida en que tratamos sus datos personales para gestionar publicidad directa con el objetivo de satisfacer intereses leg\u00edtimos a partir de la ponderaci\u00f3n de los intereses, tiene derecho tambi\u00e9n a oponerse a ello sin necesidad de dar razones.<\/p>\n<p>c. Le rogamos que, en la medida de lo posible, dirija sus exigencias o declaraciones a la direcci\u00f3n de contacto siguiente:&nbsp;<span style=\"color: var( --e-global-color-text ); font-family: var( --e-global-typography-text-font-family ), Sans-serif; font-size: var( --e-global-typography-text-font-size ); font-weight: var( --e-global-typography-text-font-weight ); background-color: var( --e-global-color-astglobalcolor5 );\">&nbsp;<\/span><a style=\"font-family: var( --e-global-typography-text-font-family ), Sans-serif; font-size: var( --e-global-typography-text-font-size ); font-weight: var( --e-global-typography-text-font-weight ); background-color: #ffffff;\" href=\"mailto:lucas.gestionempresaria@gmail.com\">contacto@lucasacosta.com.ar<\/a><\/p>\n<p>d. Adicionalmente a los derechos reci\u00e9n enumerados, bajo ciertas circunstancias, como interesado Usted tendr\u00e1 el derecho a:<\/p>\n<p>&#8211; Requerir el acceso a los datos personales que recopilemos de Usted (art\u00edculo 14 de la Ley 25.326);<\/p>\n<p>&#8211; Requerir que rectifiquemos los datos personales que recopilamos sobre Usted (art\u00edculo 16 de la Ley 25.326);<\/p>\n<p>&#8211; Requerir que actualicemos los datos personales que recopilamos de Usted (art\u00edculo 16 de la Ley 25.326);<\/p>\n<p>&#8211; Requerir que eliminemos los datos personales que recopilemos de Usted (incluyendo los casos en los que nuestra actividad de procesamiento se basa en su consentimiento) (art\u00edculo 16 de la Ley 25.326);<\/p>\n<p>Asimismo, el titular de los datos personales tiene la facultad de ejercer el derecho de acceso a los mismos en forma gratuita a intervalos no inferiores a seis meses, salvo que se acredite un inter\u00e9s leg\u00edtimo al efecto conforme lo establecido en el art\u00edculo 14, inciso 3 de la Ley N\u00ba 25.326, el cual podr\u00e1 ser ejercido enviando un email a&nbsp;<span style=\"color: var( --e-global-color-text ); font-family: var( --e-global-typography-text-font-family ), Sans-serif; font-size: var( --e-global-typography-text-font-size ); font-weight: var( --e-global-typography-text-font-weight ); background-color: var( --e-global-color-astglobalcolor5 );\">&nbsp;<\/span><a style=\"font-family: var( --e-global-typography-text-font-family ), Sans-serif; font-size: var( --e-global-typography-text-font-size ); font-weight: var( --e-global-typography-text-font-weight ); background-color: #ffffff;\" href=\"mailto:lucas.gestionempresaria@gmail.com\">contacto@lucasacosta.com.ar<\/a><span style=\"font-style: inherit; font-weight: inherit; color: var( --e-global-color-text ); font-family: var( --e-global-typography-text-font-family ), Sans-serif; background-color: var( --e-global-color-astglobalcolor5 );\">. LA AGENCIA DE ACCESO A LA INFORMACI\u00d3N P\u00daBLICA, en su car\u00e1cter de \u00d3rgano de Control de la Ley N\u00b0 25.326, tiene la atribuci\u00f3n de atender las denuncias y reclamos que interpongan quienes resulten afectados en sus derechos por incumplimiento de las normas vigentes en materia de protecci\u00f3n de datos personales.<\/span><\/p>\n<p><\/p>\n<p>10. NEWSLETTER<\/p>\n<p>Si se suscribe usted a una newsletter ofrecida en mi sitio web, los datos facilitados durante la suscripci\u00f3n a la newsletter se utilizar\u00e1n solamente para su env\u00edo, a no ser que usted haya aceptado un uso diferente de estos datos. Puede cancelar la suscripci\u00f3n en todo momento a trav\u00e9s de la opci\u00f3n de cancelaci\u00f3n de la suscripci\u00f3n que se ofrece en la propia newsletter.<\/p>\n<p>11. TRANSMISI\u00d3N DE DATOS A DESTINATARIOS FUERA DEL ESPACIO ECON\u00d3MICO EUROPEO Y A PA\u00cdSES SIN &#8220;NIVEL DE PROTECCI\u00d3N ADECUADO&#8221; DE CONFORMIDAD CON LO ESTABLECIDO EN LA LEY DE PROTECCI\u00d3N DE DATOS PERSONALES N\u00b0 25.236<\/p>\n<p>a. Al utilizar proveedores (ver secci\u00f3n 4. c.) y transmitir datos a terceros con su consentimiento (ver secci\u00f3n 3.c), es posible que los datos personales se transmitan a destinatarios en pa\u00edses fuera de la Uni\u00f3n Europea (&#8220;UE&#8221;), Islandia, Liechtenstein y Noruega (Espacio Econ\u00f3mico Europeo), o que no cuenten con &#8220;nivel de protecci\u00f3n adecuado&#8221; en materia de protecci\u00f3n de datos personales de conformidad con lo establecido en la Disposici\u00f3n 60\/2016 de la Agencia de Acceso a la Informaci\u00f3n P\u00fablica (AAIP), autoridad de control de la Ley 25.326 y se traten all\u00ed, especialmente a Estados Unidos e India.<\/p>\n<p>Conforme se establece en la Disposici\u00f3n 60\/2016 de la AAIP, en los siguientes pa\u00edses existe un nivel de protecci\u00f3n adecuado para el tratamiento de datos personales: estados miembros de la Uni\u00f3n Europea y miembros del espacio econ\u00f3mico europeo (EEE), Confederaci\u00f3n Suiza, Guernsey, Jersey, Isla de Man, Islas Feroe, Canad\u00e1 s\u00f3lo respecto de su sector privado, Principado de Andorra, Nueva Zelanda, Rep\u00fablica Oriental del Uruguay y Estado de Israel s\u00f3lo respecto de los datos que reciban un tratamiento automatizado. Con destinatarios en otros pa\u00edses acordamos la aplicaci\u00f3n de las cl\u00e1usulas contractuales contenidas en la Disposici\u00f3n 60\/2016 de la AAIP, de normativas de empresa vinculantes u otros mecanismos admisibles para obtener un \u00abnivel de protecci\u00f3n adecuado\u00bb que se corresponda con la legislaci\u00f3n Argentina. Estaremos encantados de facilitarle informaci\u00f3n a este respecto a trav\u00e9s de mi correo electr\u00f3nico indicado en el punto 9.d.<\/p>\n<p><\/p>\n<p>Versi\u00f3n: Abril 2023<\/p>\n<p><!-- \/wp:paragraph --><\/p>\t\t\t\t\t\t\t\t<\/div>\n\t\t\t\t<\/div>\n\t\t\t\t\t<\/div>\n\t\t<\/div>\n\t\t\t\t\t<\/div>\n\t\t<\/section>\n\t\t\t\t<section class=\"elementor-section elementor-top-section elementor-element elementor-element-1d89632 elementor-section-boxed elementor-section-height-default elementor-section-height-default\" data-id=\"1d89632\" data-element_type=\"section\" data-e-type=\"section\">\n\t\t\t\t\t\t<div class=\"elementor-container elementor-column-gap-default\">\n\t\t\t\t\t<div class=\"elementor-column elementor-col-100 elementor-top-column elementor-element elementor-element-3a289bf\" data-id=\"3a289bf\" data-element_type=\"column\" data-e-type=\"column\">\n\t\t\t<div class=\"elementor-widget-wrap elementor-element-populated\">\n\t\t\t\t\t\t<div class=\"elementor-element elementor-element-b700364 elementor-widget elementor-widget-spacer\" data-id=\"b700364\" data-element_type=\"widget\" data-e-type=\"widget\" data-widget_type=\"spacer.default\">\n\t\t\t\t<div class=\"elementor-widget-container\">\n\t\t\t\t\t\t\t<div class=\"elementor-spacer\">\n\t\t\t<div class=\"elementor-spacer-inner\"><\/div>\n\t\t<\/div>\n\t\t\t\t\t\t<\/div>\n\t\t\t\t<\/div>\n\t\t\t\t\t<\/div>\n\t\t<\/div>\n\t\t\t\t\t<\/div>\n\t\t<\/section>\n\t\t\t\t<\/div>\n\t\t","protected":false},"excerpt":{"rendered":"<p>Pol\u00edticas de Privacidad Responsable del tratamiento de datos conforme al Reglamento General de Protecci\u00f3n de Datos (RGPD), salvo que en lo sucesivo se indique lo contrario: Identidad: Lucas Acosta Email: contacto@lucasacosta.com.ar 1. PROTECCI\u00d3N DE DATOS Me alegra que haya visitado mi sitio web&nbsp;y le agradezco su inter\u00e9s en mis servicios.&nbsp; Me tomo muy en serio [&hellip;]<\/p>\n","protected":false},"author":1,"featured_media":0,"parent":0,"menu_order":0,"comment_status":"closed","ping_status":"closed","template":"elementor_header_footer","meta":{"site-sidebar-layout":"default","site-content-layout":"","ast-site-content-layout":"","site-content-style":"default","site-sidebar-style":"default","ast-global-header-display":"","ast-banner-title-visibility":"","ast-main-header-display":"","ast-hfb-above-header-display":"","ast-hfb-below-header-display":"","ast-hfb-mobile-header-display":"","site-post-title":"","ast-breadcrumbs-content":"","ast-featured-img":"","footer-sml-layout":"","theme-transparent-header-meta":"","adv-header-id-meta":"","stick-header-meta":"","header-above-stick-meta":"","header-main-stick-meta":"","header-below-stick-meta":"","astra-migrate-meta-layouts":"default","ast-page-background-enabled":"default","ast-page-background-meta":{"desktop":{"background-color":"","background-image":"","background-repeat":"repeat","background-position":"center center","background-size":"auto","background-attachment":"scroll","background-type":"","background-media":"","overlay-type":"","overlay-color":"","overlay-opacity":"","overlay-gradient":""},"tablet":{"background-color":"","background-image":"","background-repeat":"repeat","background-position":"center center","background-size":"auto","background-attachment":"scroll","background-type":"","background-media":"","overlay-type":"","overlay-color":"","overlay-opacity":"","overlay-gradient":""},"mobile":{"background-color":"","background-image":"","background-repeat":"repeat","background-position":"center center","background-size":"auto","background-attachment":"scroll","background-type":"","background-media":"","overlay-type":"","overlay-color":"","overlay-opacity":"","overlay-gradient":""}},"ast-content-background-meta":{"desktop":{"background-color":"var(--ast-global-color-5)","background-image":"","background-repeat":"repeat","background-position":"center center","background-size":"auto","background-attachment":"scroll","background-type":"","background-media":"","overlay-type":"","overlay-color":"","overlay-opacity":"","overlay-gradient":""},"tablet":{"background-color":"var(--ast-global-color-5)","background-image":"","background-repeat":"repeat","background-position":"center center","background-size":"auto","background-attachment":"scroll","background-type":"","background-media":"","overlay-type":"","overlay-color":"","overlay-opacity":"","overlay-gradient":""},"mobile":{"background-color":"var(--ast-global-color-5)","background-image":"","background-repeat":"repeat","background-position":"center center","background-size":"auto","background-attachment":"scroll","background-type":"","background-media":"","overlay-type":"","overlay-color":"","overlay-opacity":"","overlay-gradient":""}},"footnotes":""},"class_list":["post-3","page","type-page","status-publish","hentry"],"aioseo_notices":[],"rttpg_featured_image_url":null,"rttpg_author":{"display_name":"Lucas Acosta","author_link":"https:\/\/growthmarketer.com.ar\/sistema-de-conversion\/author\/lucas-gestionempresariagmail-com\/"},"rttpg_comment":0,"rttpg_category":null,"rttpg_excerpt":"Pol\u00edticas de Privacidad Responsable del tratamiento de datos conforme al Reglamento General de Protecci\u00f3n de Datos (RGPD), salvo que en lo sucesivo se indique lo contrario: Identidad: Lucas Acosta Email: contacto@lucasacosta.com.ar 1. PROTECCI\u00d3N DE DATOS Me alegra que haya visitado mi sitio web&nbsp;y le agradezco su inter\u00e9s en mis servicios.&nbsp; Me tomo muy en serio&hellip;","_links":{"self":[{"href":"https:\/\/growthmarketer.com.ar\/sistema-de-conversion\/wp-json\/wp\/v2\/pages\/3","targetHints":{"allow":["GET"]}}],"collection":[{"href":"https:\/\/growthmarketer.com.ar\/sistema-de-conversion\/wp-json\/wp\/v2\/pages"}],"about":[{"href":"https:\/\/growthmarketer.com.ar\/sistema-de-conversion\/wp-json\/wp\/v2\/types\/page"}],"author":[{"embeddable":true,"href":"https:\/\/growthmarketer.com.ar\/sistema-de-conversion\/wp-json\/wp\/v2\/users\/1"}],"replies":[{"embeddable":true,"href":"https:\/\/growthmarketer.com.ar\/sistema-de-conversion\/wp-json\/wp\/v2\/comments?post=3"}],"version-history":[{"count":52,"href":"https:\/\/growthmarketer.com.ar\/sistema-de-conversion\/wp-json\/wp\/v2\/pages\/3\/revisions"}],"predecessor-version":[{"id":3827,"href":"https:\/\/growthmarketer.com.ar\/sistema-de-conversion\/wp-json\/wp\/v2\/pages\/3\/revisions\/3827"}],"wp:attachment":[{"href":"https:\/\/growthmarketer.com.ar\/sistema-de-conversion\/wp-json\/wp\/v2\/media?parent=3"}],"curies":[{"name":"wp","href":"https:\/\/api.w.org\/{rel}","templated":true}]}}