{"id":493,"date":"2023-02-16T14:20:38","date_gmt":"2023-02-16T17:20:38","guid":{"rendered":"https:\/\/growthmarketer.com.ar\/?page_id=493"},"modified":"2024-02-22T14:57:13","modified_gmt":"2024-02-22T17:57:13","slug":"blog-facebook-ads","status":"publish","type":"page","link":"https:\/\/growthmarketer.com.ar\/sistema-de-conversion\/blog-facebook-ads\/","title":{"rendered":"Blog"},"content":{"rendered":"\t\t<div data-elementor-type=\"wp-post\" data-elementor-id=\"493\" class=\"elementor elementor-493\">\n\t\t\t\t\t\t<section class=\"elementor-section elementor-top-section elementor-element elementor-element-a1864be elementor-section-stretched elementor-section-full_width elementor-section-height-default elementor-section-height-default\" data-id=\"a1864be\" data-element_type=\"section\" data-e-type=\"section\" data-settings=\"{&quot;stretch_section&quot;:&quot;section-stretched&quot;}\">\n\t\t\t\t\t\t<div class=\"elementor-container elementor-column-gap-default\">\n\t\t\t\t\t<div class=\"elementor-column elementor-col-100 elementor-top-column elementor-element elementor-element-6ac9d9b\" data-id=\"6ac9d9b\" data-element_type=\"column\" data-e-type=\"column\">\n\t\t\t<div class=\"elementor-widget-wrap elementor-element-populated\">\n\t\t\t\t\t\t<div class=\"elementor-element elementor-element-05f5893 elementor-widget elementor-widget-heading\" data-id=\"05f5893\" data-element_type=\"widget\" data-e-type=\"widget\" data-widget_type=\"heading.default\">\n\t\t\t\t<div class=\"elementor-widget-container\">\n\t\t\t\t\t<h1 class=\"elementor-heading-title elementor-size-default\">BLOG<\/h1>\t\t\t\t<\/div>\n\t\t\t\t<\/div>\n\t\t\t\t<div class=\"elementor-element elementor-element-624f441 elementor-widget elementor-widget-heading\" data-id=\"624f441\" data-element_type=\"widget\" data-e-type=\"widget\" data-widget_type=\"heading.default\">\n\t\t\t\t<div class=\"elementor-widget-container\">\n\t\t\t\t\t<h2 class=\"elementor-heading-title elementor-size-default\">A enero de 2023, Facebook fue la red social con m\u00e1s usuarios activos en el mundo. \u00bfPor qu\u00e9 no llegar a ellos con publicidad? \n<\/h2>\t\t\t\t<\/div>\n\t\t\t\t<\/div>\n\t\t\t\t\t<\/div>\n\t\t<\/div>\n\t\t\t\t\t<\/div>\n\t\t<\/section>\n\t\t\t\t<section class=\"elementor-section elementor-top-section elementor-element elementor-element-b4cf351 elementor-section-boxed elementor-section-height-default elementor-section-height-default\" data-id=\"b4cf351\" data-element_type=\"section\" data-e-type=\"section\">\n\t\t\t\t\t\t<div class=\"elementor-container elementor-column-gap-default\">\n\t\t\t\t\t<div class=\"elementor-column elementor-col-100 elementor-top-column elementor-element elementor-element-f083137\" data-id=\"f083137\" data-element_type=\"column\" data-e-type=\"column\">\n\t\t\t<div class=\"elementor-widget-wrap elementor-element-populated\">\n\t\t\t\t\t\t<div class=\"elementor-element elementor-element-a9037fc tpg-is-author-icon-hide meta-visibility-show title_position_default title_hover_border_default title-default img_hover_animation_default meta_position_default tpg-category-position-default readmore-btn-default-style grid-hover-overlay-type-always tpg-el-box-border-enable tpg-border-bottom-disable elementor-widget elementor-widget-tpg-grid-layout\" data-id=\"a9037fc\" data-element_type=\"widget\" data-e-type=\"widget\" data-widget_type=\"tpg-grid-layout.default\">\n\t\t\t\t<div class=\"elementor-widget-container\">\n\t\t\t\t\t\t\t<div class=\"rt-container-fluid rt-tpg-container tpg-el-main-wrapper clearfix grid-layout1-main \"\n\t\t\t id=\"rt-tpg-container-954646301\"\n\t\t\t data-layout=\"grid-layout1\"\n\t\t\t data-grid-style=\"tpg-full-height\"\n\t\t\t data-sc-id=\"elementor\"\n\t\t\t data-el-settings=''\n\t\t\t data-el-query=''\n\t\t\t data-el-path=''\n\t\t>\n\t\t\t\t\t\t<div class='tpg-header-wrapper '>\n\t\t\t\t\t\t\t<\/div>\n\n\t\t\t<div data-title=\"Loading ...\" class=\"rt-row rt-content-loader grid-layout1 grid-behaviour tpg-full-height grid_layout_wrapper\">\n\t\t\t\t<div class=\"rt-col-md-4 rt-col-sm-6 rt-col-xs-12 default rt-grid-item post-2701 post type-post status-publish format-standard has-post-thumbnail hentry category-facebook-ads-aplicado\"        data-id=\"2701\">\n    <div class=\"rt-holder tpg-post-holder \">\n        <div class=\"rt-detail rt-el-content-wrapper\">\n\t\t\t                <div class=\"rt-img-holder tpg-el-image-wrap has-thumbnail\">\n\t\t\t\t\t<a data-id=\"2701\" href=\"https:\/\/growthmarketer.com.ar\/sistema-de-conversion\/facebook-ads-ecommerce\/\" class=\"tpg-post-link\" target=\"_self\">                        <img fetchpriority=\"high\" decoding=\"async\" src=\"https:\/\/growthmarketer.com.ar\/wp-content\/uploads\/2024\/10\/BLOG-768x512.png\"\n                             class=\"rt-img-responsive\"\n                             width=\"768\"\n                             height=\"512\"\n                             alt=\"ecommerce facebook ads\">\n\t\t\t\t\t\t\n\t\t\t\t\t\t\t\n\t\t<\/a>\n\t\t        <div class=\"overlay grid-hover-content\"><\/div>\n\t\t                <\/div>\n\t\t\t\n\t\t\t<div class=\"entry-title-wrapper\"><h3 class=\"entry-title\"><a data-id=\"2701\" href=\"https:\/\/growthmarketer.com.ar\/sistema-de-conversion\/facebook-ads-ecommerce\/\" class=\"tpg-post-link\" target=\"_self\">Facebook Ads para Ecommerce<\/a><\/h3><\/div>\n\t\t\t                <div class=\"post-meta-tags rt-el-post-meta\">\n\t\t\t\t\t            <span class='author '>\n\n\t\t\t\t<span class='author-prefix'>By<\/span><a href=\"https:\/\/growthmarketer.com.ar\/sistema-de-conversion\/author\/lucas-gestionempresariagmail-com\/\">Lucas Acosta<\/a>\t\t\t<\/span>\n\t\t\t            <span class='date'>\n\t\t\t\t<i class='far fa-calendar-alt '><\/i>\t\t\t\t                    <a href=\"https:\/\/growthmarketer.com.ar\/sistema-de-conversion\/2024\/10\/04\/\">\n\t\t\t\t\toctubre 4, 2024\t\t\t\t<\/a>\n\t\t\t\t\t\t\t<\/span>\n\t\t\t            <span class='categories-links'>\n\t\t\t\t<i class='fas fa-folder-open '><\/i><a class=\"facebook-ads-aplicado\" href=\"https:\/\/growthmarketer.com.ar\/sistema-de-conversion\/category\/facebook-ads-aplicado\/\">Facebook Ads Aplicado<\/a>\t\t\t<\/span>\n\t\t\t                <\/div>\n\t\t\t\n\n\t\t\t                <div class=\"tpg-excerpt tpg-el-excerpt\">\n\t\t\t\t\t                        <div class=\"tpg-excerpt-inner\">\n\t\t\t\t\t\t\tTe doy la bienvenida! En este art\u00edculo, te compartir\u00e9 las bases s\u00f3lidas que deben tener tus anuncios y que llevar\u00e1n tu tienda online a nuevas alturas gracias a Facebook Ads. El \u00e9xito de tu ecommerce...                        <\/div>\n\t\t\t\t\t\t\t\t\t\t                <\/div>\n\t\t\t\n\t\t\t        <div class=\"post-footer\">\n            <div class=\"post-footer\">\n                <div class=\"read-more\">\n\t\t\t\t\t<a data-id=\"2701\" href=\"https:\/\/growthmarketer.com.ar\/sistema-de-conversion\/facebook-ads-ecommerce\/\" class=\"tpg-post-link\" target=\"_self\">Leer M\u00e1s &gt;&gt;<\/a>                <\/div>\n            <\/div>\n        <\/div>\n\t\t        <\/div>\n    <\/div>\n<\/div>\n<div class=\"rt-col-md-4 rt-col-sm-6 rt-col-xs-12 default rt-grid-item post-1775 post type-post status-publish format-standard has-post-thumbnail hentry category-facebook-ads-aplicado\"        data-id=\"1775\">\n    <div class=\"rt-holder tpg-post-holder \">\n        <div class=\"rt-detail rt-el-content-wrapper\">\n\t\t\t                <div class=\"rt-img-holder tpg-el-image-wrap has-thumbnail\">\n\t\t\t\t\t<a data-id=\"1775\" href=\"https:\/\/growthmarketer.com.ar\/sistema-de-conversion\/meta-ads-advantage\/\" class=\"tpg-post-link\" target=\"_self\">                        <img decoding=\"async\" src=\"https:\/\/growthmarketer.com.ar\/wp-content\/uploads\/2024\/10\/BLOG-2-1-768x512.png\"\n                             class=\"rt-img-responsive\"\n                             width=\"768\"\n                             height=\"512\"\n                             alt=\"meta advantage\">\n\t\t\t\t\t\t\n\t\t\t\t\t\t\t\n\t\t<\/a>\n\t\t        <div class=\"overlay grid-hover-content\"><\/div>\n\t\t                <\/div>\n\t\t\t\n\t\t\t<div class=\"entry-title-wrapper\"><h3 class=\"entry-title\"><a data-id=\"1775\" href=\"https:\/\/growthmarketer.com.ar\/sistema-de-conversion\/meta-ads-advantage\/\" class=\"tpg-post-link\" target=\"_self\">Meta Ads: Advantage+<\/a><\/h3><\/div>\n\t\t\t                <div class=\"post-meta-tags rt-el-post-meta\">\n\t\t\t\t\t            <span class='author '>\n\n\t\t\t\t<span class='author-prefix'>By<\/span><a href=\"https:\/\/growthmarketer.com.ar\/sistema-de-conversion\/author\/lucas-gestionempresariagmail-com\/\">Lucas Acosta<\/a>\t\t\t<\/span>\n\t\t\t            <span class='date'>\n\t\t\t\t<i class='far fa-calendar-alt '><\/i>\t\t\t\t                    <a href=\"https:\/\/growthmarketer.com.ar\/sistema-de-conversion\/2024\/09\/14\/\">\n\t\t\t\t\tseptiembre 14, 2024\t\t\t\t<\/a>\n\t\t\t\t\t\t\t<\/span>\n\t\t\t            <span class='categories-links'>\n\t\t\t\t<i class='fas fa-folder-open '><\/i><a class=\"facebook-ads-aplicado\" href=\"https:\/\/growthmarketer.com.ar\/sistema-de-conversion\/category\/facebook-ads-aplicado\/\">Facebook Ads Aplicado<\/a>\t\t\t<\/span>\n\t\t\t                <\/div>\n\t\t\t\n\n\t\t\t                <div class=\"tpg-excerpt tpg-el-excerpt\">\n\t\t\t\t\t                        <div class=\"tpg-excerpt-inner\">\n\t\t\t\t\t\t\t\u00bfEs preferible controlar la mayor cantidad de factores posibles dentro de una campa\u00f1a o dejar todo en manos del aprendizaje autom\u00e1tico de Facebook? Esta es una pregunta muy habitual que recibo durante...                        <\/div>\n\t\t\t\t\t\t\t\t\t\t                <\/div>\n\t\t\t\n\t\t\t        <div class=\"post-footer\">\n            <div class=\"post-footer\">\n                <div class=\"read-more\">\n\t\t\t\t\t<a data-id=\"1775\" href=\"https:\/\/growthmarketer.com.ar\/sistema-de-conversion\/meta-ads-advantage\/\" class=\"tpg-post-link\" target=\"_self\">Leer M\u00e1s &gt;&gt;<\/a>                <\/div>\n            <\/div>\n        <\/div>\n\t\t        <\/div>\n    <\/div>\n<\/div>\n<div class=\"rt-col-md-4 rt-col-sm-6 rt-col-xs-12 default rt-grid-item post-1807 post type-post status-publish format-standard has-post-thumbnail hentry category-facebook-ads-aplicado\"        data-id=\"1807\">\n    <div class=\"rt-holder tpg-post-holder \">\n        <div class=\"rt-detail rt-el-content-wrapper\">\n\t\t\t                <div class=\"rt-img-holder tpg-el-image-wrap has-thumbnail\">\n\t\t\t\t\t<a data-id=\"1807\" href=\"https:\/\/growthmarketer.com.ar\/sistema-de-conversion\/que-hace-un-experto-en-facebook-ads\/\" class=\"tpg-post-link\" target=\"_self\">                        <img decoding=\"async\" src=\"https:\/\/growthmarketer.com.ar\/wp-content\/uploads\/2023\/12\/BLOG-2-768x512.png\"\n                             class=\"rt-img-responsive\"\n                             width=\"768\"\n                             height=\"512\"\n                             alt=\"experto en facebook ads\">\n\t\t\t\t\t\t\n\t\t\t\t\t\t\t\n\t\t<\/a>\n\t\t        <div class=\"overlay grid-hover-content\"><\/div>\n\t\t                <\/div>\n\t\t\t\n\t\t\t<div class=\"entry-title-wrapper\"><h3 class=\"entry-title\"><a data-id=\"1807\" href=\"https:\/\/growthmarketer.com.ar\/sistema-de-conversion\/que-hace-un-experto-en-facebook-ads\/\" class=\"tpg-post-link\" target=\"_self\">Descubre el Poder de un Experto en Facebook Ads para Impulsar Tu Negocio<\/a><\/h3><\/div>\n\t\t\t                <div class=\"post-meta-tags rt-el-post-meta\">\n\t\t\t\t\t            <span class='author '>\n\n\t\t\t\t<span class='author-prefix'>By<\/span><a href=\"https:\/\/growthmarketer.com.ar\/sistema-de-conversion\/author\/lucas-gestionempresariagmail-com\/\">Lucas Acosta<\/a>\t\t\t<\/span>\n\t\t\t            <span class='date'>\n\t\t\t\t<i class='far fa-calendar-alt '><\/i>\t\t\t\t                    <a href=\"https:\/\/growthmarketer.com.ar\/sistema-de-conversion\/2023\/12\/14\/\">\n\t\t\t\t\tdiciembre 14, 2023\t\t\t\t<\/a>\n\t\t\t\t\t\t\t<\/span>\n\t\t\t            <span class='categories-links'>\n\t\t\t\t<i class='fas fa-folder-open '><\/i><a class=\"facebook-ads-aplicado\" href=\"https:\/\/growthmarketer.com.ar\/sistema-de-conversion\/category\/facebook-ads-aplicado\/\">Facebook Ads Aplicado<\/a>\t\t\t<\/span>\n\t\t\t                <\/div>\n\t\t\t\n\n\t\t\t                <div class=\"tpg-excerpt tpg-el-excerpt\">\n\t\t\t\t\t                        <div class=\"tpg-excerpt-inner\">\n\t\t\t\t\t\t\tEn este art\u00edculo, exploraremos qu\u00e9 hace verdaderamente especial a un experto en facebook ads y c\u00f3mo puede potenciar los resultados de tu negocio. \u00bfListo para desatar el potencial de tu presencia...                        <\/div>\n\t\t\t\t\t\t\t\t\t\t                <\/div>\n\t\t\t\n\t\t\t        <div class=\"post-footer\">\n            <div class=\"post-footer\">\n                <div class=\"read-more\">\n\t\t\t\t\t<a data-id=\"1807\" href=\"https:\/\/growthmarketer.com.ar\/sistema-de-conversion\/que-hace-un-experto-en-facebook-ads\/\" class=\"tpg-post-link\" target=\"_self\">Leer M\u00e1s &gt;&gt;<\/a>                <\/div>\n            <\/div>\n        <\/div>\n\t\t        <\/div>\n    <\/div>\n<\/div>\n<div class=\"rt-col-md-4 rt-col-sm-6 rt-col-xs-12 default rt-grid-item post-1260 post type-post status-publish format-standard has-post-thumbnail hentry category-facebook-ads-aplicado\"        data-id=\"1260\">\n    <div class=\"rt-holder tpg-post-holder \">\n        <div class=\"rt-detail rt-el-content-wrapper\">\n\t\t\t                <div class=\"rt-img-holder tpg-el-image-wrap has-thumbnail\">\n\t\t\t\t\t<a data-id=\"1260\" href=\"https:\/\/growthmarketer.com.ar\/sistema-de-conversion\/facebook-ads-para-dentistas\/\" class=\"tpg-post-link\" target=\"_self\">                        <img loading=\"lazy\" decoding=\"async\" src=\"https:\/\/growthmarketer.com.ar\/wp-content\/uploads\/2023\/02\/BLOG-1-768x576.png\"\n                             class=\"rt-img-responsive\"\n                             width=\"768\"\n                             height=\"576\"\n                             alt=\"publicidad dentistas\">\n\t\t\t\t\t\t\n\t\t\t\t\t\t\t\n\t\t<\/a>\n\t\t        <div class=\"overlay grid-hover-content\"><\/div>\n\t\t                <\/div>\n\t\t\t\n\t\t\t<div class=\"entry-title-wrapper\"><h3 class=\"entry-title\"><a data-id=\"1260\" href=\"https:\/\/growthmarketer.com.ar\/sistema-de-conversion\/facebook-ads-para-dentistas\/\" class=\"tpg-post-link\" target=\"_self\">Facebook Ads para Dentistas<\/a><\/h3><\/div>\n\t\t\t                <div class=\"post-meta-tags rt-el-post-meta\">\n\t\t\t\t\t            <span class='author '>\n\n\t\t\t\t<span class='author-prefix'>By<\/span><a href=\"https:\/\/growthmarketer.com.ar\/sistema-de-conversion\/author\/lucas-gestionempresariagmail-com\/\">Lucas Acosta<\/a>\t\t\t<\/span>\n\t\t\t            <span class='date'>\n\t\t\t\t<i class='far fa-calendar-alt '><\/i>\t\t\t\t                    <a href=\"https:\/\/growthmarketer.com.ar\/sistema-de-conversion\/2023\/02\/23\/\">\n\t\t\t\t\tfebrero 23, 2023\t\t\t\t<\/a>\n\t\t\t\t\t\t\t<\/span>\n\t\t\t            <span class='categories-links'>\n\t\t\t\t<i class='fas fa-folder-open '><\/i><a class=\"facebook-ads-aplicado\" href=\"https:\/\/growthmarketer.com.ar\/sistema-de-conversion\/category\/facebook-ads-aplicado\/\">Facebook Ads Aplicado<\/a>\t\t\t<\/span>\n\t\t\t                <\/div>\n\t\t\t\n\n\t\t\t                <div class=\"tpg-excerpt tpg-el-excerpt\">\n\t\t\t\t\t                        <div class=\"tpg-excerpt-inner\">\n\t\t\t\t\t\t\t\u00a1Presenta tus servicios odont\u00f3logicos y alcanza a tus futuros pacientes! &#8220;Facebook Ads&#8221; es una incre\u00edble herramienta para tu consultorio dental,\u00a0 ya que te permite generar visibilidad de...                        <\/div>\n\t\t\t\t\t\t\t\t\t\t                <\/div>\n\t\t\t\n\t\t\t        <div class=\"post-footer\">\n            <div class=\"post-footer\">\n                <div class=\"read-more\">\n\t\t\t\t\t<a data-id=\"1260\" href=\"https:\/\/growthmarketer.com.ar\/sistema-de-conversion\/facebook-ads-para-dentistas\/\" class=\"tpg-post-link\" target=\"_self\">Leer M\u00e1s &gt;&gt;<\/a>                <\/div>\n            <\/div>\n        <\/div>\n\t\t        <\/div>\n    <\/div>\n<\/div>\n<div class=\"rt-col-md-4 rt-col-sm-6 rt-col-xs-12 default rt-grid-item post-1 post type-post status-publish format-standard has-post-thumbnail hentry category-facebook-ads-aplicado\"        data-id=\"1\">\n    <div class=\"rt-holder tpg-post-holder \">\n        <div class=\"rt-detail rt-el-content-wrapper\">\n\t\t\t                <div class=\"rt-img-holder tpg-el-image-wrap has-thumbnail\">\n\t\t\t\t\t<a data-id=\"1\" href=\"https:\/\/growthmarketer.com.ar\/sistema-de-conversion\/facebook-ads-para-negocios-inmobiliarios\/\" class=\"tpg-post-link\" target=\"_self\">                        <img loading=\"lazy\" decoding=\"async\" src=\"https:\/\/growthmarketer.com.ar\/wp-content\/uploads\/2022\/10\/pexels-alena-darmel-7641861-768x512.jpg\"\n                             class=\"rt-img-responsive\"\n                             width=\"768\"\n                             height=\"512\"\n                             alt=\"facebook ads negocios inmobiliarios\">\n\t\t\t\t\t\t\n\t\t\t\t\t\t\t\n\t\t<\/a>\n\t\t        <div class=\"overlay grid-hover-content\"><\/div>\n\t\t                <\/div>\n\t\t\t\n\t\t\t<div class=\"entry-title-wrapper\"><h3 class=\"entry-title\"><a data-id=\"1\" href=\"https:\/\/growthmarketer.com.ar\/sistema-de-conversion\/facebook-ads-para-negocios-inmobiliarios\/\" class=\"tpg-post-link\" target=\"_self\">Facebook Ads para Negocios Inmobiliarios<\/a><\/h3><\/div>\n\t\t\t                <div class=\"post-meta-tags rt-el-post-meta\">\n\t\t\t\t\t            <span class='author '>\n\n\t\t\t\t<span class='author-prefix'>By<\/span><a href=\"https:\/\/growthmarketer.com.ar\/sistema-de-conversion\/author\/lucas-gestionempresariagmail-com\/\">Lucas Acosta<\/a>\t\t\t<\/span>\n\t\t\t            <span class='date'>\n\t\t\t\t<i class='far fa-calendar-alt '><\/i>\t\t\t\t                    <a href=\"https:\/\/growthmarketer.com.ar\/sistema-de-conversion\/2023\/02\/16\/\">\n\t\t\t\t\tfebrero 16, 2023\t\t\t\t<\/a>\n\t\t\t\t\t\t\t<\/span>\n\t\t\t            <span class='categories-links'>\n\t\t\t\t<i class='fas fa-folder-open '><\/i><a class=\"facebook-ads-aplicado\" href=\"https:\/\/growthmarketer.com.ar\/sistema-de-conversion\/category\/facebook-ads-aplicado\/\">Facebook Ads Aplicado<\/a>\t\t\t<\/span>\n\t\t\t                <\/div>\n\t\t\t\n\n\t\t\t                <div class=\"tpg-excerpt tpg-el-excerpt\">\n\t\t\t\t\t                        <div class=\"tpg-excerpt-inner\">\n\t\t\t\t\t\t\t\u201cTengo una p\u00e1gina web, una p\u00e1gina de Facebook, un CRM y publico en portales inmobiliarios pero NO OBTENGO RESULTADOS. Recibo consultas muy poco calificadas\u201d. \u00bfTe suena familiar? Recibo muchos mensajes...                        <\/div>\n\t\t\t\t\t\t\t\t\t\t                <\/div>\n\t\t\t\n\t\t\t        <div class=\"post-footer\">\n            <div class=\"post-footer\">\n                <div class=\"read-more\">\n\t\t\t\t\t<a data-id=\"1\" href=\"https:\/\/growthmarketer.com.ar\/sistema-de-conversion\/facebook-ads-para-negocios-inmobiliarios\/\" class=\"tpg-post-link\" target=\"_self\">Leer M\u00e1s &gt;&gt;<\/a>                <\/div>\n            <\/div>\n        <\/div>\n\t\t        <\/div>\n    <\/div>\n<\/div>\n\t\t\t<\/div>\n\t\t\t\n\t\t<\/div>\n\t\t\t\t\t\t<\/div>\n\t\t\t\t<\/div>\n\t\t\t\t\t<\/div>\n\t\t<\/div>\n\t\t\t\t\t<\/div>\n\t\t<\/section>\n\t\t\t\t<\/div>\n\t\t","protected":false},"excerpt":{"rendered":"<p>BLOG A enero de 2023, Facebook fue la red social con m\u00e1s usuarios activos en el mundo. \u00bfPor qu\u00e9 no llegar a ellos con publicidad? Descubre el Poder de un Experto en Facebook Ads para Impulsar Tu Negocio ByLucas Acosta diciembre 14, 2023 Facebook Ads Aplicado En este art\u00edculo, exploraremos qu\u00e9 hace verdaderamente especial a [&hellip;]<\/p>\n","protected":false},"author":1,"featured_media":0,"parent":0,"menu_order":0,"comment_status":"closed","ping_status":"closed","template":"elementor_header_footer","meta":{"site-sidebar-layout":"no-sidebar","site-content-layout":"page-builder","ast-site-content-layout":"","site-content-style":"default","site-sidebar-style":"default","ast-global-header-display":"","ast-banner-title-visibility":"","ast-main-header-display":"","ast-hfb-above-header-display":"","ast-hfb-below-header-display":"","ast-hfb-mobile-header-display":"","site-post-title":"disabled","ast-breadcrumbs-content":"","ast-featured-img":"disabled","footer-sml-layout":"","theme-transparent-header-meta":"","adv-header-id-meta":"","stick-header-meta":"","header-above-stick-meta":"","header-main-stick-meta":"","header-below-stick-meta":"","astra-migrate-meta-layouts":"default","ast-page-background-enabled":"default","ast-page-background-meta":{"desktop":{"background-color":"","background-image":"","background-repeat":"repeat","background-position":"center center","background-size":"auto","background-attachment":"scroll","background-type":"","background-media":"","overlay-type":"","overlay-color":"","overlay-opacity":"","overlay-gradient":""},"tablet":{"background-color":"","background-image":"","background-repeat":"repeat","background-position":"center center","background-size":"auto","background-attachment":"scroll","background-type":"","background-media":"","overlay-type":"","overlay-color":"","overlay-opacity":"","overlay-gradient":""},"mobile":{"background-color":"","background-image":"","background-repeat":"repeat","background-position":"center center","background-size":"auto","background-attachment":"scroll","background-type":"","background-media":"","overlay-type":"","overlay-color":"","overlay-opacity":"","overlay-gradient":""}},"ast-content-background-meta":{"desktop":{"background-color":"var(--ast-global-color-5)","background-image":"","background-repeat":"repeat","background-position":"center center","background-size":"auto","background-attachment":"scroll","background-type":"","background-media":"","overlay-type":"","overlay-color":"","overlay-opacity":"","overlay-gradient":""},"tablet":{"background-color":"var(--ast-global-color-5)","background-image":"","background-repeat":"repeat","background-position":"center center","background-size":"auto","background-attachment":"scroll","background-type":"","background-media":"","overlay-type":"","overlay-color":"","overlay-opacity":"","overlay-gradient":""},"mobile":{"background-color":"var(--ast-global-color-5)","background-image":"","background-repeat":"repeat","background-position":"center center","background-size":"auto","background-attachment":"scroll","background-type":"","background-media":"","overlay-type":"","overlay-color":"","overlay-opacity":"","overlay-gradient":""}},"footnotes":""},"class_list":["post-493","page","type-page","status-publish","hentry"],"aioseo_notices":[],"rttpg_featured_image_url":null,"rttpg_author":{"display_name":"Lucas Acosta","author_link":"https:\/\/growthmarketer.com.ar\/sistema-de-conversion\/author\/lucas-gestionempresariagmail-com\/"},"rttpg_comment":0,"rttpg_category":"","rttpg_excerpt":"BLOG A enero de 2023, Facebook fue la red social con m\u00e1s usuarios activos en el mundo. \u00bfPor qu\u00e9 no llegar a ellos con publicidad? Descubre el Poder de un Experto en Facebook Ads para Impulsar Tu Negocio ByLucas Acosta diciembre 14, 2023 Facebook Ads Aplicado En este art\u00edculo, exploraremos qu\u00e9 hace verdaderamente especial a&hellip;","_links":{"self":[{"href":"https:\/\/growthmarketer.com.ar\/sistema-de-conversion\/wp-json\/wp\/v2\/pages\/493","targetHints":{"allow":["GET"]}}],"collection":[{"href":"https:\/\/growthmarketer.com.ar\/sistema-de-conversion\/wp-json\/wp\/v2\/pages"}],"about":[{"href":"https:\/\/growthmarketer.com.ar\/sistema-de-conversion\/wp-json\/wp\/v2\/types\/page"}],"author":[{"embeddable":true,"href":"https:\/\/growthmarketer.com.ar\/sistema-de-conversion\/wp-json\/wp\/v2\/users\/1"}],"replies":[{"embeddable":true,"href":"https:\/\/growthmarketer.com.ar\/sistema-de-conversion\/wp-json\/wp\/v2\/comments?post=493"}],"version-history":[{"count":101,"href":"https:\/\/growthmarketer.com.ar\/sistema-de-conversion\/wp-json\/wp\/v2\/pages\/493\/revisions"}],"predecessor-version":[{"id":2474,"href":"https:\/\/growthmarketer.com.ar\/sistema-de-conversion\/wp-json\/wp\/v2\/pages\/493\/revisions\/2474"}],"wp:attachment":[{"href":"https:\/\/growthmarketer.com.ar\/sistema-de-conversion\/wp-json\/wp\/v2\/media?parent=493"}],"curies":[{"name":"wp","href":"https:\/\/api.w.org\/{rel}","templated":true}]}}